{"id":103,"date":"2022-10-30T16:51:38","date_gmt":"2022-10-30T16:51:38","guid":{"rendered":"https:\/\/www.flaton.cz\/?post_type=product&#038;p=103"},"modified":"2022-10-30T16:58:19","modified_gmt":"2022-10-30T16:58:19","slug":"trutool-tka-700","status":"publish","type":"product","link":"https:\/\/www.flaton.cz\/?product=trutool-tka-700","title":{"rendered":"TruTool TKA 700"},"content":{"rendered":"<p style=\"text-align: center;\">Spolu s v\u00fdkonn\u00fdm 1 700W pohonem zaji\u0161\u0165uje TruTool TKA 700 mimo\u0159\u00e1dn\u00fd v\u00fdkon s vysok\u00fdmi utahovac\u00edmi momenty a stabiln\u00edm a bezpe\u010dn\u00fdm veden\u00edm stroje. P\u0159itom opat\u0159\u00edte d\u00edly \u010dist\u00fdmi viditeln\u00fdmi hranami, sraz\u00edte ostr\u00e9 hrany, p\u0159id\u00e1te r\u00e1dius 2, 3 nebo 4 mm nebo p\u0159iprav\u00edte svar. A to s mal\u00fdm vynalo\u017een\u00edm s\u00edly, rychle a v nejr\u016fzn\u011bj\u0161\u00edch \u00fahlov\u00fdch poloh\u00e1ch 0\u00b0\u201360\u00b0. Nastaven\u00ed d\u00e9lky fasetky prob\u00edh\u00e1 bez n\u00e1stroj\u016f a plynule a to maxim\u00e1ln\u011b p\u0159esn\u011b a rychle. P\u0159itom m\u016f\u017eete zcela jednodu\u0161e v jednom pracovn\u00edm kroku vytvo\u0159it zkosen\u00ed v konstruk\u010dn\u00ed oceli a\u017e 5 mm. Pro d\u00e9lku fasetky 7 mm pot\u0159ebujete druh\u00fd pracovn\u00ed krok. Skv\u011ble uspo\u0159\u00e1dan\u00e1 rukoje\u0165 redukuje vibrace, zaji\u0161\u0165uje ergonomii a stabiln\u00ed veden\u00ed stroje.<\/p>\n","protected":false},"excerpt":{"rendered":"<p>S v\u00fdkonnou fr\u00e9zkou na hrany vytvo\u0159\u00edte d\u00e9lky fasetky a\u017e 7 mm v \u00fahlov\u00fdch poloh\u00e1ch 0\u00b0\u201360\u00b0.<\/p>\n","protected":false},"featured_media":105,"comment_status":"open","ping_status":"closed","template":"","meta":[],"product_brand":[],"product_cat":[23,27],"product_tag":[],"class_list":{"0":"post-103","1":"product","2":"type-product","3":"status-publish","4":"has-post-thumbnail","6":"product_cat-elektricke-naradi","7":"product_cat-hranove-frezky","9":"first","10":"instock","11":"shipping-taxable","12":"product-type-simple"},"_links":{"self":[{"href":"https:\/\/www.flaton.cz\/index.php?rest_route=\/wp\/v2\/product\/103","targetHints":{"allow":["GET"]}}],"collection":[{"href":"https:\/\/www.flaton.cz\/index.php?rest_route=\/wp\/v2\/product"}],"about":[{"href":"https:\/\/www.flaton.cz\/index.php?rest_route=\/wp\/v2\/types\/product"}],"replies":[{"embeddable":true,"href":"https:\/\/www.flaton.cz\/index.php?rest_route=%2Fwp%2Fv2%2Fcomments&post=103"}],"wp:featuredmedia":[{"embeddable":true,"href":"https:\/\/www.flaton.cz\/index.php?rest_route=\/wp\/v2\/media\/105"}],"wp:attachment":[{"href":"https:\/\/www.flaton.cz\/index.php?rest_route=%2Fwp%2Fv2%2Fmedia&parent=103"}],"wp:term":[{"taxonomy":"product_brand","embeddable":true,"href":"https:\/\/www.flaton.cz\/index.php?rest_route=%2Fwp%2Fv2%2Fproduct_brand&post=103"},{"taxonomy":"product_cat","embeddable":true,"href":"https:\/\/www.flaton.cz\/index.php?rest_route=%2Fwp%2Fv2%2Fproduct_cat&post=103"},{"taxonomy":"product_tag","embeddable":true,"href":"https:\/\/www.flaton.cz\/index.php?rest_route=%2Fwp%2Fv2%2Fproduct_tag&post=103"}],"curies":[{"name":"wp","href":"https:\/\/api.w.org\/{rel}","templated":true}]}}