{"id":113,"date":"2022-10-30T17:07:00","date_gmt":"2022-10-30T17:07:00","guid":{"rendered":"https:\/\/www.flaton.cz\/?post_type=product&#038;p=113"},"modified":"2023-04-10T18:58:11","modified_gmt":"2023-04-10T16:58:11","slug":"trutool-tkf-1500-s-2stupnovou-prevodovkou","status":"publish","type":"product","link":"https:\/\/www.flaton.cz\/?product=trutool-tkf-1500-s-2stupnovou-prevodovkou","title":{"rendered":"TruTool TKF 1500 s 2stup\u0148ovou p\u0159evodovkou"},"content":{"rendered":"<p style=\"text-align: center;\">TruTool TKF 1500 je vybaven v\u00fdkonn\u00fdm 2600W motorem a 2stup\u0148ovou p\u0159evodovkou. To umo\u017e\u0148uje individu\u00e1ln\u00ed obr\u00e1b\u011bn\u00ed, p\u0159izp\u016fsoben\u00e9 p\u0159\u00edslu\u0161n\u00e9mu pou\u017eit\u00ed. Integrovan\u00e1 ochrana rukou na motoru zaru\u010duje vysok\u00fd komfort obsluhy a bezpe\u010dnost pr\u00e1ce. Soft-Gripp umo\u017e\u0148uje pr\u00e1ci t\u00e9m\u011b\u0159 bez vibrac\u00ed. M\u016f\u017eete p\u0159itom o\u010dek\u00e1vat stejnom\u011brn\u00fd v\u00fdsledek bez oxidace. Nez\u00e1visle na tom, zda obr\u00e1b\u00edte plechy, nosn\u00edky T nebo trubky. Drsnost povrchu z\u016fst\u00e1v\u00e1 mal\u00e1.<\/p>\n","protected":false},"excerpt":{"rendered":"<p>S dvojrychlostn\u00ed p\u0159evodovkou m\u016f\u017eete pracovat individu\u00e1ln\u011b a p\u0159izp\u016fsobit se p\u0159\u00edslu\u0161n\u00e9mu pou\u017eit\u00ed. Ide\u00e1ln\u00ed pro vysokopevnostn\u00ed plechy. S plynule nastaviteln\u00fdm \u00fahlem \u00fakosu v rozsahu 20\u00b0 \u2013 55\u00b0.<\/p>\n","protected":false},"featured_media":116,"comment_status":"open","ping_status":"closed","template":"","meta":[],"product_brand":[],"product_cat":[23,28],"product_tag":[],"class_list":{"0":"post-113","1":"product","2":"type-product","3":"status-publish","4":"has-post-thumbnail","6":"product_cat-elektricke-naradi","7":"product_cat-ukosovacka","9":"first","10":"instock","11":"shipping-taxable","12":"product-type-simple"},"_links":{"self":[{"href":"https:\/\/www.flaton.cz\/index.php?rest_route=\/wp\/v2\/product\/113","targetHints":{"allow":["GET"]}}],"collection":[{"href":"https:\/\/www.flaton.cz\/index.php?rest_route=\/wp\/v2\/product"}],"about":[{"href":"https:\/\/www.flaton.cz\/index.php?rest_route=\/wp\/v2\/types\/product"}],"replies":[{"embeddable":true,"href":"https:\/\/www.flaton.cz\/index.php?rest_route=%2Fwp%2Fv2%2Fcomments&post=113"}],"wp:featuredmedia":[{"embeddable":true,"href":"https:\/\/www.flaton.cz\/index.php?rest_route=\/wp\/v2\/media\/116"}],"wp:attachment":[{"href":"https:\/\/www.flaton.cz\/index.php?rest_route=%2Fwp%2Fv2%2Fmedia&parent=113"}],"wp:term":[{"taxonomy":"product_brand","embeddable":true,"href":"https:\/\/www.flaton.cz\/index.php?rest_route=%2Fwp%2Fv2%2Fproduct_brand&post=113"},{"taxonomy":"product_cat","embeddable":true,"href":"https:\/\/www.flaton.cz\/index.php?rest_route=%2Fwp%2Fv2%2Fproduct_cat&post=113"},{"taxonomy":"product_tag","embeddable":true,"href":"https:\/\/www.flaton.cz\/index.php?rest_route=%2Fwp%2Fv2%2Fproduct_tag&post=113"}],"curies":[{"name":"wp","href":"https:\/\/api.w.org\/{rel}","templated":true}]}}