{"id":114,"date":"2022-10-30T17:09:40","date_gmt":"2022-10-30T17:09:40","guid":{"rendered":"https:\/\/www.flaton.cz\/?post_type=product&#038;p=114"},"modified":"2022-10-30T17:09:40","modified_gmt":"2022-10-30T17:09:40","slug":"trutool-tsc-100","status":"publish","type":"product","link":"https:\/\/www.flaton.cz\/?product=trutool-tsc-100","title":{"rendered":"TruTool TSC 100"},"content":{"rendered":"<p style=\"text-align: center;\">TruTool TSC 100 umo\u017e\u0148uje rychl\u00e9 a bezprobl\u00e9mov\u00e9 vy\u010di\u0161t\u011bn\u00ed va\u0161ich op\u011brn\u00fdch li\u0161t. T\u00edm je zaru\u010dena procesn\u011b spolehliv\u00e1 a vysoce kvalitn\u00ed v\u00fdroba d\u00edl\u016f \u0159ezan\u00fdch laserem. Li\u0161ty nen\u00ed nutn\u00e9 kv\u016fli \u010di\u0161t\u011bn\u00ed demontovat. Je to praktick\u00e9 a \u0161et\u0159\u00edte t\u00edm sv\u016fj \u010das. Doba \u010di\u0161t\u011bn\u00ed jedn\u00e9 kompletn\u00ed palety standardn\u00ed velikosti 1 500 mm x 3 000 mm p\u0159itom \u010din\u00ed zhruba 30 minut.<\/p>\n","protected":false},"excerpt":{"rendered":"<p>\u010cisti\u010d op\u011brn\u00e9 li\u0161ty \u0159\u00e1dn\u011b odstra\u0148uje strusku z li\u0161t laserov\u00e9ho \u0159ezac\u00edho stroje. Vy\u010dist\u00edte j\u00edm opakovan\u011b li\u0161ty p\u0159edt\u00edm, ne\u017e je nutn\u00e9 je op\u011bt pou\u017e\u00edt.<\/p>\n","protected":false},"featured_media":115,"comment_status":"open","ping_status":"closed","template":"","meta":[],"product_brand":[],"product_cat":[29,23],"product_tag":[],"class_list":{"0":"post-114","1":"product","2":"type-product","3":"status-publish","4":"has-post-thumbnail","6":"product_cat-cistic-rostu","7":"product_cat-elektricke-naradi","9":"first","10":"instock","11":"shipping-taxable","12":"product-type-simple"},"_links":{"self":[{"href":"https:\/\/www.flaton.cz\/index.php?rest_route=\/wp\/v2\/product\/114","targetHints":{"allow":["GET"]}}],"collection":[{"href":"https:\/\/www.flaton.cz\/index.php?rest_route=\/wp\/v2\/product"}],"about":[{"href":"https:\/\/www.flaton.cz\/index.php?rest_route=\/wp\/v2\/types\/product"}],"replies":[{"embeddable":true,"href":"https:\/\/www.flaton.cz\/index.php?rest_route=%2Fwp%2Fv2%2Fcomments&post=114"}],"wp:featuredmedia":[{"embeddable":true,"href":"https:\/\/www.flaton.cz\/index.php?rest_route=\/wp\/v2\/media\/115"}],"wp:attachment":[{"href":"https:\/\/www.flaton.cz\/index.php?rest_route=%2Fwp%2Fv2%2Fmedia&parent=114"}],"wp:term":[{"taxonomy":"product_brand","embeddable":true,"href":"https:\/\/www.flaton.cz\/index.php?rest_route=%2Fwp%2Fv2%2Fproduct_brand&post=114"},{"taxonomy":"product_cat","embeddable":true,"href":"https:\/\/www.flaton.cz\/index.php?rest_route=%2Fwp%2Fv2%2Fproduct_cat&post=114"},{"taxonomy":"product_tag","embeddable":true,"href":"https:\/\/www.flaton.cz\/index.php?rest_route=%2Fwp%2Fv2%2Fproduct_tag&post=114"}],"curies":[{"name":"wp","href":"https:\/\/api.w.org\/{rel}","templated":true}]}}