{"id":135,"date":"2022-10-31T13:15:03","date_gmt":"2022-10-31T13:15:03","guid":{"rendered":"https:\/\/www.flaton.cz\/?product=trutool-f-300-s-1700w-motorem"},"modified":"2022-11-01T16:22:19","modified_gmt":"2022-11-01T16:22:19","slug":"trutool-f-300-s-1700w-motorem","status":"publish","type":"product","link":"https:\/\/www.flaton.cz\/?product=trutool-f-300-s-1700w-motorem","title":{"rendered":"TruTool F 300 s 1700W motorem"},"content":{"rendered":"<p style=\"text-align: center;\">TruTool F 300 s 1700W motorem je perfektn\u00ed p\u0159\u00edstroj, pokud pracujete p\u0159ednostn\u011b v rozsahu tlou\u0161\u0165ky plechu od 1 mm v konstruk\u010dn\u00ed oceli. D\u00edky v\u00fdkonn\u00e9mu motoru a p\u0159\u00edslu\u0161n\u011b vysok\u00e9 rychlosti pr\u00e1ce m\u016f\u017eete perfektn\u011b uzav\u00edrat pittsbursk\u00e9 lemy na rovn\u00fdch a zahnut\u00fdch kan\u00e1lech. P\u0159izp\u016fsoben\u00ed tlou\u0161\u0165ce plechu 0,75 mm \u2013 1,25 mm z konstruk\u010dn\u00ed oceli prob\u00edh\u00e1 automaticky. T\u00edm dos\u00e1hnete vysok\u00e9 kvality a t\u011bsnosti lemu.<\/p>\n","protected":false},"excerpt":{"rendered":"<p>TruTool F 300 s 1700W motorem je perfektn\u00ed p\u0159\u00edstroj, pokud pracujete p\u0159ednostn\u011b v rozsahu tlou\u0161\u0165ky plechu od 1 mm v konstruk\u010dn\u00ed oceli. D\u00edky v\u00fdkonn\u00e9mu motoru a p\u0159\u00edslu\u0161n\u011b vysok\u00e9 rychlosti pr\u00e1ce m\u016f\u017eete perfektn\u011b uzav\u00edrat pittsbursk\u00e9 lemy na rovn\u00fdch a zahnut\u00fdch kan\u00e1lech. P\u0159izp\u016fsoben\u00ed tlou\u0161\u0165ce plechu 0,75 mm \u2013 1,25 mm z konstruk\u010dn\u00ed oceli prob\u00edh\u00e1 automaticky. T\u00edm dos\u00e1hnete [&hellip;]<\/p>\n","protected":false},"featured_media":191,"comment_status":"open","ping_status":"closed","template":"","meta":[],"product_brand":[],"product_cat":[23,35],"product_tag":[],"class_list":{"0":"post-135","1":"product","2":"type-product","3":"status-publish","4":"has-post-thumbnail","6":"product_cat-elektricke-naradi","7":"product_cat-uzavirac-lemu","9":"first","10":"instock","11":"shipping-taxable","12":"product-type-simple"},"_links":{"self":[{"href":"https:\/\/www.flaton.cz\/index.php?rest_route=\/wp\/v2\/product\/135","targetHints":{"allow":["GET"]}}],"collection":[{"href":"https:\/\/www.flaton.cz\/index.php?rest_route=\/wp\/v2\/product"}],"about":[{"href":"https:\/\/www.flaton.cz\/index.php?rest_route=\/wp\/v2\/types\/product"}],"replies":[{"embeddable":true,"href":"https:\/\/www.flaton.cz\/index.php?rest_route=%2Fwp%2Fv2%2Fcomments&post=135"}],"wp:featuredmedia":[{"embeddable":true,"href":"https:\/\/www.flaton.cz\/index.php?rest_route=\/wp\/v2\/media\/191"}],"wp:attachment":[{"href":"https:\/\/www.flaton.cz\/index.php?rest_route=%2Fwp%2Fv2%2Fmedia&parent=135"}],"wp:term":[{"taxonomy":"product_brand","embeddable":true,"href":"https:\/\/www.flaton.cz\/index.php?rest_route=%2Fwp%2Fv2%2Fproduct_brand&post=135"},{"taxonomy":"product_cat","embeddable":true,"href":"https:\/\/www.flaton.cz\/index.php?rest_route=%2Fwp%2Fv2%2Fproduct_cat&post=135"},{"taxonomy":"product_tag","embeddable":true,"href":"https:\/\/www.flaton.cz\/index.php?rest_route=%2Fwp%2Fv2%2Fproduct_tag&post=135"}],"curies":[{"name":"wp","href":"https:\/\/api.w.org\/{rel}","templated":true}]}}