{"id":137,"date":"2022-10-31T13:15:03","date_gmt":"2022-10-31T13:15:03","guid":{"rendered":"https:\/\/www.flaton.cz\/?product=trutool-tpc-165"},"modified":"2022-11-01T16:17:44","modified_gmt":"2022-11-01T16:17:44","slug":"trutool-tpc-165","status":"publish","type":"product","link":"https:\/\/www.flaton.cz\/?product=trutool-tpc-165","title":{"rendered":"TruTool TPC 165"},"content":{"rendered":"<p style=\"text-align: center;\">Pomoc\u00ed Panel Cutter TruTool TPC 165 odd\u011bl\u00edte sendvi\u010dov\u00e9 panely a\u017e do\u00a0tlou\u0161\u0165ky 165 mm. S mechanismem zano\u0159en\u00ed li\u0161ty vytvo\u0159\u00edte p\u0159esn\u00e9 a pravo\u00fahl\u00e9 vnit\u0159n\u00ed v\u00fd\u0159ezy a\u00a0v\u00fdseky. To v\u0161e v\u00a0jednom pracovn\u00edm kroku. Stroj lze pou\u017e\u00edt bez\u00a0p\u0159ednastaven\u00ed. Jednodu\u0161e vyberte spr\u00e1vnou polohu li\u0161ty a\u00a0za\u010dn\u011bte s\u00a0\u0159ez\u00e1n\u00edm. TruTool TPC 165 p\u0159itom \u0159e\u017ee panely nez\u00e1visle na tom, zda je povrch rovn\u00fd, m\u00e1 lichob\u011b\u017en\u00edkov\u00fd nebo vlnit\u00fd tvar.<\/p>\n","protected":false},"excerpt":{"rendered":"<p>Pomoc\u00ed Panel Cutter TruTool TPC 165 odd\u011bl\u00edte sendvi\u010dov\u00e9 panely a\u017e do\u00a0tlou\u0161\u0165ky 165 mm. S mechanismem zano\u0159en\u00ed li\u0161ty vytvo\u0159\u00edte p\u0159esn\u00e9 a pravo\u00fahl\u00e9 vnit\u0159n\u00ed v\u00fd\u0159ezy a\u00a0v\u00fdseky. To v\u0161e v\u00a0jednom pracovn\u00edm kroku. Stroj lze pou\u017e\u00edt bez\u00a0p\u0159ednastaven\u00ed. Jednodu\u0161e vyberte spr\u00e1vnou polohu li\u0161ty a\u00a0za\u010dn\u011bte s\u00a0\u0159ez\u00e1n\u00edm. TruTool TPC 165 p\u0159itom \u0159e\u017ee panely nez\u00e1visle na tom, zda je povrch rovn\u00fd, m\u00e1 lichob\u011b\u017en\u00edkov\u00fd [&hellip;]<\/p>\n","protected":false},"featured_media":188,"comment_status":"open","ping_status":"closed","template":"","meta":[],"product_brand":[],"product_cat":[23,34],"product_tag":[],"class_list":{"0":"post-137","1":"product","2":"type-product","3":"status-publish","4":"has-post-thumbnail","6":"product_cat-elektricke-naradi","7":"product_cat-panel-cutter","9":"first","10":"instock","11":"shipping-taxable","12":"product-type-simple"},"_links":{"self":[{"href":"https:\/\/www.flaton.cz\/index.php?rest_route=\/wp\/v2\/product\/137","targetHints":{"allow":["GET"]}}],"collection":[{"href":"https:\/\/www.flaton.cz\/index.php?rest_route=\/wp\/v2\/product"}],"about":[{"href":"https:\/\/www.flaton.cz\/index.php?rest_route=\/wp\/v2\/types\/product"}],"replies":[{"embeddable":true,"href":"https:\/\/www.flaton.cz\/index.php?rest_route=%2Fwp%2Fv2%2Fcomments&post=137"}],"wp:featuredmedia":[{"embeddable":true,"href":"https:\/\/www.flaton.cz\/index.php?rest_route=\/wp\/v2\/media\/188"}],"wp:attachment":[{"href":"https:\/\/www.flaton.cz\/index.php?rest_route=%2Fwp%2Fv2%2Fmedia&parent=137"}],"wp:term":[{"taxonomy":"product_brand","embeddable":true,"href":"https:\/\/www.flaton.cz\/index.php?rest_route=%2Fwp%2Fv2%2Fproduct_brand&post=137"},{"taxonomy":"product_cat","embeddable":true,"href":"https:\/\/www.flaton.cz\/index.php?rest_route=%2Fwp%2Fv2%2Fproduct_cat&post=137"},{"taxonomy":"product_tag","embeddable":true,"href":"https:\/\/www.flaton.cz\/index.php?rest_route=%2Fwp%2Fv2%2Fproduct_tag&post=137"}],"curies":[{"name":"wp","href":"https:\/\/api.w.org\/{rel}","templated":true}]}}