{"id":138,"date":"2022-10-31T13:15:03","date_gmt":"2022-10-31T13:15:03","guid":{"rendered":"https:\/\/www.flaton.cz\/?product=trutool-pn-201-li-ion"},"modified":"2022-11-01T16:08:26","modified_gmt":"2022-11-01T16:08:26","slug":"trutool-pn-201-li-ion","status":"publish","type":"product","link":"https:\/\/www.flaton.cz\/?product=trutool-pn-201-li-ion","title":{"rendered":"TruTool PN\u00a0201 Li-Ion"},"content":{"rendered":"<p style=\"text-align: center;\">S aku n\u00e1strojem TruTool PN 201 m\u016f\u017eete poprv\u00e9 bezdr\u00e1tov\u011b odd\u011blovat plechy z konstruk\u010dn\u00ed oceli o tlou\u0161\u0165ce plechu a\u017e 2 mm, dokonce i zdvojen\u00e9 plechy. Mimo\u0159\u00e1dn\u011b siln\u00fd stroj s dlouh\u00fdm n\u00e1strojem je vhodn\u00fd zejm\u00e9na pro hlubov\u00e9 trap\u00e9zov\u00e9 plechy. P\u0159itom se d\u00e1 n\u00e1stroj ot\u00e1\u010det na m\u00edst\u011b o\u00a0360\u00b0. Zm\u011bna sm\u011bru \u0159ezu, v\u00fdm\u011bna razn\u00edku a\u00a0dr\u017e\u00e1ku n\u00e1stroje prob\u00edh\u00e1 rychle a\u00a0bez pou\u017eit\u00ed n\u00e1stroj\u016f. P\u0159itom 4.0 Ah \/ 18V LiHD akumul\u00e1tor zaji\u0161\u0165uje dlouhou dobu chodu. Pro roz\u0161\u00ed\u0159en\u00ed oblasti pou\u017eit\u00ed si m\u016f\u017eete vybrat r\u016fzn\u00e9 hloubky n\u00e1stroje.<\/p>\n","protected":false},"excerpt":{"rendered":"<p>S aku n\u00e1strojem TruTool PN 201 m\u016f\u017eete poprv\u00e9 bezdr\u00e1tov\u011b odd\u011blovat plechy z konstruk\u010dn\u00ed oceli o tlou\u0161\u0165ce plechu a\u017e 2 mm, dokonce i zdvojen\u00e9 plechy. Mimo\u0159\u00e1dn\u011b siln\u00fd stroj s dlouh\u00fdm n\u00e1strojem je vhodn\u00fd zejm\u00e9na pro hlubov\u00e9 trap\u00e9zov\u00e9 plechy. P\u0159itom se d\u00e1 n\u00e1stroj ot\u00e1\u010det na m\u00edst\u011b o\u00a0360\u00b0. Zm\u011bna sm\u011bru \u0159ezu, v\u00fdm\u011bna razn\u00edku a\u00a0dr\u017e\u00e1ku n\u00e1stroje prob\u00edh\u00e1 rychle a\u00a0bez [&hellip;]<\/p>\n","protected":false},"featured_media":186,"comment_status":"open","ping_status":"closed","template":"","meta":[],"product_brand":[],"product_cat":[23,33],"product_tag":[],"class_list":{"0":"post-138","1":"product","2":"type-product","3":"status-publish","4":"has-post-thumbnail","6":"product_cat-elektricke-naradi","7":"product_cat-vyrezavac-profilu","9":"first","10":"instock","11":"shipping-taxable","12":"product-type-simple"},"_links":{"self":[{"href":"https:\/\/www.flaton.cz\/index.php?rest_route=\/wp\/v2\/product\/138","targetHints":{"allow":["GET"]}}],"collection":[{"href":"https:\/\/www.flaton.cz\/index.php?rest_route=\/wp\/v2\/product"}],"about":[{"href":"https:\/\/www.flaton.cz\/index.php?rest_route=\/wp\/v2\/types\/product"}],"replies":[{"embeddable":true,"href":"https:\/\/www.flaton.cz\/index.php?rest_route=%2Fwp%2Fv2%2Fcomments&post=138"}],"wp:featuredmedia":[{"embeddable":true,"href":"https:\/\/www.flaton.cz\/index.php?rest_route=\/wp\/v2\/media\/186"}],"wp:attachment":[{"href":"https:\/\/www.flaton.cz\/index.php?rest_route=%2Fwp%2Fv2%2Fmedia&parent=138"}],"wp:term":[{"taxonomy":"product_brand","embeddable":true,"href":"https:\/\/www.flaton.cz\/index.php?rest_route=%2Fwp%2Fv2%2Fproduct_brand&post=138"},{"taxonomy":"product_cat","embeddable":true,"href":"https:\/\/www.flaton.cz\/index.php?rest_route=%2Fwp%2Fv2%2Fproduct_cat&post=138"},{"taxonomy":"product_tag","embeddable":true,"href":"https:\/\/www.flaton.cz\/index.php?rest_route=%2Fwp%2Fv2%2Fproduct_tag&post=138"}],"curies":[{"name":"wp","href":"https:\/\/api.w.org\/{rel}","templated":true}]}}