{"id":139,"date":"2022-10-31T13:15:03","date_gmt":"2022-10-31T13:15:03","guid":{"rendered":"https:\/\/www.flaton.cz\/?product=trutool-pn-201"},"modified":"2022-12-08T13:15:02","modified_gmt":"2022-12-08T13:15:02","slug":"trutool-pn-201","status":"publish","type":"product","link":"https:\/\/www.flaton.cz\/?product=trutool-pn-201","title":{"rendered":"TruTool PN\u00a0201"},"content":{"rendered":"<p style=\"text-align: center;\">TruTool PN 201 je stroj s dlouh\u00fdm n\u00e1strojem a je mimo\u0159\u00e1dn\u011b vhodn\u00fd na hlubok\u00e9 trap\u00e9zov\u00e9 plechy do tlou\u0161\u0165ky 162 mm. P\u0159itom se d\u00e1 n\u00e1stroj ot\u00e1\u010det na m\u00edst\u011b o\u00a0360\u00b0. TruTool PN 201 je mimo\u0159\u00e1dn\u011b siln\u00fd p\u0159\u00edstroj pro plechy o r\u016fzn\u00fdch tlou\u0161\u0165k\u00e1ch. Zvl\u00e1dne konstruk\u010dn\u00ed ocel do tlou\u0161\u0165ky 2 mm, stejn\u011b jako vysoce pevn\u00e9 plechy do tlou\u0161\u0165ky 1 mm. Zm\u011bna sm\u011bru \u0159ezu, v\u00fdm\u011bna razn\u00edku a\u00a0dr\u017e\u00e1ku n\u00e1stroje prob\u00edh\u00e1 rychle a\u00a0bez pou\u017eit\u00ed n\u00e1stroj\u016f. Pro roz\u0161\u00ed\u0159en\u00ed oblasti pou\u017eit\u00ed si m\u016f\u017eete vybrat r\u016fzn\u00e9 hloubky n\u00e1stroje. Stoj\u00ed za zm\u00ednku: stroj je k\u00a0dispozici tak\u00e9 v\u00a0sad\u011b s\u00a0dlouh\u00fdm a\u00a0kr\u00e1tk\u00fdm n\u00e1strojem.<\/p>\n","protected":false},"excerpt":{"rendered":"<p>TruTool PN 201 je stroj s dlouh\u00fdm n\u00e1strojem a je mimo\u0159\u00e1dn\u011b vhodn\u00fd na hlubok\u00e9 trap\u00e9zov\u00e9 plechy do tlou\u0161\u0165ky 162 mm. P\u0159itom se d\u00e1 n\u00e1stroj ot\u00e1\u010det na m\u00edst\u011b o\u00a0360\u00b0. TruTool PN 201 je mimo\u0159\u00e1dn\u011b siln\u00fd p\u0159\u00edstroj pro plechy o r\u016fzn\u00fdch tlou\u0161\u0165k\u00e1ch. Zvl\u00e1dne konstruk\u010dn\u00ed ocel do tlou\u0161\u0165ky 2 mm, stejn\u011b jako vysoce pevn\u00e9 plechy do tlou\u0161\u0165ky 1 [&hellip;]<\/p>\n","protected":false},"featured_media":185,"comment_status":"open","ping_status":"closed","template":"","meta":[],"product_brand":[],"product_cat":[23,33],"product_tag":[],"class_list":{"0":"post-139","1":"product","2":"type-product","3":"status-publish","4":"has-post-thumbnail","6":"product_cat-elektricke-naradi","7":"product_cat-vyrezavac-profilu","9":"first","10":"instock","11":"shipping-taxable","12":"product-type-simple"},"_links":{"self":[{"href":"https:\/\/www.flaton.cz\/index.php?rest_route=\/wp\/v2\/product\/139","targetHints":{"allow":["GET"]}}],"collection":[{"href":"https:\/\/www.flaton.cz\/index.php?rest_route=\/wp\/v2\/product"}],"about":[{"href":"https:\/\/www.flaton.cz\/index.php?rest_route=\/wp\/v2\/types\/product"}],"replies":[{"embeddable":true,"href":"https:\/\/www.flaton.cz\/index.php?rest_route=%2Fwp%2Fv2%2Fcomments&post=139"}],"wp:featuredmedia":[{"embeddable":true,"href":"https:\/\/www.flaton.cz\/index.php?rest_route=\/wp\/v2\/media\/185"}],"wp:attachment":[{"href":"https:\/\/www.flaton.cz\/index.php?rest_route=%2Fwp%2Fv2%2Fmedia&parent=139"}],"wp:term":[{"taxonomy":"product_brand","embeddable":true,"href":"https:\/\/www.flaton.cz\/index.php?rest_route=%2Fwp%2Fv2%2Fproduct_brand&post=139"},{"taxonomy":"product_cat","embeddable":true,"href":"https:\/\/www.flaton.cz\/index.php?rest_route=%2Fwp%2Fv2%2Fproduct_cat&post=139"},{"taxonomy":"product_tag","embeddable":true,"href":"https:\/\/www.flaton.cz\/index.php?rest_route=%2Fwp%2Fv2%2Fproduct_tag&post=139"}],"curies":[{"name":"wp","href":"https:\/\/api.w.org\/{rel}","templated":true}]}}