{"id":141,"date":"2022-10-31T13:15:03","date_gmt":"2022-10-31T13:15:03","guid":{"rendered":"https:\/\/www.flaton.cz\/?product=trutool-pn-200"},"modified":"2022-12-08T13:15:25","modified_gmt":"2022-12-08T13:15:25","slug":"trutool-pn-200","status":"publish","type":"product","link":"https:\/\/www.flaton.cz\/?product=trutool-pn-200","title":{"rendered":"TruTool PN\u00a0200"},"content":{"rendered":"<p style=\"text-align: center;\">TruTool PN\u00a0200 je se sv\u00fdm kr\u00e1tk\u00fdm n\u00e1strojem koncipov\u00e1n speci\u00e1ln\u011b pro trap\u00e9zov\u00e9 plechy do hloubky profilu 85\u00a0mm a\u00a0pro profily C-L-U. Jeho v\u00fdkon sta\u010d\u00ed na konstruk\u010dn\u00ed ocel do 2\u00a0mm a\u00a0u\u0161lechtilou ocel do 1\u00a0mm a\u00a0\u0159e\u017ee i\u00a0zdvojen\u00e9 plechy. P\u0159itom m\u016f\u017eete n\u00e1stroj na m\u00edst\u011b oto\u010dit o\u00a0360\u00b0. Zm\u011bna sm\u011bru \u0159ezu, v\u00fdm\u011bna razn\u00edku a\u00a0dr\u017e\u00e1ku n\u00e1stroje prob\u00edh\u00e1 rychle a\u00a0bez pou\u017eit\u00ed n\u00e1stroj\u016f. Pro roz\u0161\u00ed\u0159en\u00ed oblasti pou\u017eit\u00ed si m\u016f\u017eete vybrat r\u016fzn\u00e9 hloubky n\u00e1stroje.<\/p>\n","protected":false},"excerpt":{"rendered":"<p>TruTool PN\u00a0200 je se sv\u00fdm kr\u00e1tk\u00fdm n\u00e1strojem koncipov\u00e1n speci\u00e1ln\u011b pro trap\u00e9zov\u00e9 plechy do hloubky profilu 85\u00a0mm a\u00a0pro profily C-L-U. Jeho v\u00fdkon sta\u010d\u00ed na konstruk\u010dn\u00ed ocel do 2\u00a0mm a\u00a0u\u0161lechtilou ocel do 1\u00a0mm a\u00a0\u0159e\u017ee i\u00a0zdvojen\u00e9 plechy. P\u0159itom m\u016f\u017eete n\u00e1stroj na m\u00edst\u011b oto\u010dit o\u00a0360\u00b0. Zm\u011bna sm\u011bru \u0159ezu, v\u00fdm\u011bna razn\u00edku a\u00a0dr\u017e\u00e1ku n\u00e1stroje prob\u00edh\u00e1 rychle a\u00a0bez pou\u017eit\u00ed n\u00e1stroj\u016f. Pro roz\u0161\u00ed\u0159en\u00ed [&hellip;]<\/p>\n","protected":false},"featured_media":182,"comment_status":"open","ping_status":"closed","template":"","meta":[],"product_brand":[],"product_cat":[23,33],"product_tag":[],"class_list":{"0":"post-141","1":"product","2":"type-product","3":"status-publish","4":"has-post-thumbnail","6":"product_cat-elektricke-naradi","7":"product_cat-vyrezavac-profilu","9":"first","10":"instock","11":"shipping-taxable","12":"product-type-simple"},"_links":{"self":[{"href":"https:\/\/www.flaton.cz\/index.php?rest_route=\/wp\/v2\/product\/141","targetHints":{"allow":["GET"]}}],"collection":[{"href":"https:\/\/www.flaton.cz\/index.php?rest_route=\/wp\/v2\/product"}],"about":[{"href":"https:\/\/www.flaton.cz\/index.php?rest_route=\/wp\/v2\/types\/product"}],"replies":[{"embeddable":true,"href":"https:\/\/www.flaton.cz\/index.php?rest_route=%2Fwp%2Fv2%2Fcomments&post=141"}],"wp:featuredmedia":[{"embeddable":true,"href":"https:\/\/www.flaton.cz\/index.php?rest_route=\/wp\/v2\/media\/182"}],"wp:attachment":[{"href":"https:\/\/www.flaton.cz\/index.php?rest_route=%2Fwp%2Fv2%2Fmedia&parent=141"}],"wp:term":[{"taxonomy":"product_brand","embeddable":true,"href":"https:\/\/www.flaton.cz\/index.php?rest_route=%2Fwp%2Fv2%2Fproduct_brand&post=141"},{"taxonomy":"product_cat","embeddable":true,"href":"https:\/\/www.flaton.cz\/index.php?rest_route=%2Fwp%2Fv2%2Fproduct_cat&post=141"},{"taxonomy":"product_tag","embeddable":true,"href":"https:\/\/www.flaton.cz\/index.php?rest_route=%2Fwp%2Fv2%2Fproduct_tag&post=141"}],"curies":[{"name":"wp","href":"https:\/\/api.w.org\/{rel}","templated":true}]}}