{"id":143,"date":"2022-10-31T13:15:03","date_gmt":"2022-10-31T13:15:03","guid":{"rendered":"https:\/\/www.flaton.cz\/?product=trutool-n-1000"},"modified":"2022-10-31T13:39:29","modified_gmt":"2022-10-31T13:39:29","slug":"trutool-n-1000","status":"publish","type":"product","link":"https:\/\/www.flaton.cz\/?product=trutool-n-1000","title":{"rendered":"TruTool N 1000"},"content":{"rendered":"<p style=\"text-align: center;\">TruTool N\u00a01000 byl koncipov\u00e1n speci\u00e1ln\u011b pro pr\u00e1ci s\u00a0plechem o\u00a0velk\u00e9 tlou\u0161\u0165ce. Hod\u00ed se obzvl\u00e1\u0161t\u011b pro pou\u017eit\u00ed p\u0159i demont\u00e1\u017ei n\u00e1dr\u017e\u00ed a\u00a0kontejner\u016f. \u0158e\u017ee p\u0159itom zdvojen\u00e9 plechy i\u00a0ohyby do 90\u00b0. p\u0159\u00edstroj TruTool N\u00a01000 vibra\u010dn\u011b vysek\u00e1v\u00e1 bez odporu proti posuvu v\u00a0plechu o\u00a0tlou\u0161\u0165ce a\u017e 10\u00a0mm. Pr\u00e1ce bez \u00fanavy i\u00a0p\u0159es hmotnost p\u0159\u00edstroje 14,7\u00a0kg. Perfektn\u00ed veden\u00ed stroje zaru\u010duje rukoje\u0165, oto\u010dn\u00e1 o\u00a0180\u00b0.<\/p>\n","protected":false},"excerpt":{"rendered":"<p>TruTool N\u00a01000 byl koncipov\u00e1n speci\u00e1ln\u011b pro pr\u00e1ci s\u00a0plechem o\u00a0velk\u00e9 tlou\u0161\u0165ce. Hod\u00ed se obzvl\u00e1\u0161t\u011b pro pou\u017eit\u00ed p\u0159i demont\u00e1\u017ei n\u00e1dr\u017e\u00ed a\u00a0kontejner\u016f. \u0158e\u017ee p\u0159itom zdvojen\u00e9 plechy i\u00a0ohyby do 90\u00b0. p\u0159\u00edstroj TruTool N\u00a01000 vibra\u010dn\u011b vysek\u00e1v\u00e1 bez odporu proti posuvu v\u00a0plechu o\u00a0tlou\u0161\u0165ce a\u017e 10\u00a0mm. Pr\u00e1ce bez \u00fanavy i\u00a0p\u0159es hmotnost p\u0159\u00edstroje 14,7\u00a0kg. Perfektn\u00ed veden\u00ed stroje zaru\u010duje rukoje\u0165, oto\u010dn\u00e1 o\u00a0180\u00b0.<\/p>\n","protected":false},"featured_media":179,"comment_status":"open","ping_status":"closed","template":"","meta":[],"product_brand":[],"product_cat":[23,32],"product_tag":[],"class_list":{"0":"post-143","1":"product","2":"type-product","3":"status-publish","4":"has-post-thumbnail","6":"product_cat-elektricke-naradi","7":"product_cat-prostrihovac","9":"first","10":"instock","11":"shipping-taxable","12":"product-type-simple"},"_links":{"self":[{"href":"https:\/\/www.flaton.cz\/index.php?rest_route=\/wp\/v2\/product\/143","targetHints":{"allow":["GET"]}}],"collection":[{"href":"https:\/\/www.flaton.cz\/index.php?rest_route=\/wp\/v2\/product"}],"about":[{"href":"https:\/\/www.flaton.cz\/index.php?rest_route=\/wp\/v2\/types\/product"}],"replies":[{"embeddable":true,"href":"https:\/\/www.flaton.cz\/index.php?rest_route=%2Fwp%2Fv2%2Fcomments&post=143"}],"wp:featuredmedia":[{"embeddable":true,"href":"https:\/\/www.flaton.cz\/index.php?rest_route=\/wp\/v2\/media\/179"}],"wp:attachment":[{"href":"https:\/\/www.flaton.cz\/index.php?rest_route=%2Fwp%2Fv2%2Fmedia&parent=143"}],"wp:term":[{"taxonomy":"product_brand","embeddable":true,"href":"https:\/\/www.flaton.cz\/index.php?rest_route=%2Fwp%2Fv2%2Fproduct_brand&post=143"},{"taxonomy":"product_cat","embeddable":true,"href":"https:\/\/www.flaton.cz\/index.php?rest_route=%2Fwp%2Fv2%2Fproduct_cat&post=143"},{"taxonomy":"product_tag","embeddable":true,"href":"https:\/\/www.flaton.cz\/index.php?rest_route=%2Fwp%2Fv2%2Fproduct_tag&post=143"}],"curies":[{"name":"wp","href":"https:\/\/api.w.org\/{rel}","templated":true}]}}