{"id":146,"date":"2022-10-31T13:15:03","date_gmt":"2022-10-31T13:15:03","guid":{"rendered":"https:\/\/www.flaton.cz\/?product=trutool-n-350"},"modified":"2022-10-31T13:36:29","modified_gmt":"2022-10-31T13:36:29","slug":"trutool-n-350","status":"publish","type":"product","link":"https:\/\/www.flaton.cz\/?product=trutool-n-350","title":{"rendered":"TruTool N\u00a0350"},"content":{"rendered":"<p>TruTool N\u00a0350 je kompaktn\u00ed p\u0159\u00edru\u010dn\u00ed p\u0159\u00edstroj pro plechy o\u00a0tlou\u0161\u0165ce a\u017e 3,5\u00a0mm u\u00a0konstruk\u010dn\u00ed oceli a\u00a02,3\u00a0mm u\u00a0vysoce pevn\u00e9 oceli. p\u0159\u00edstroj se d\u00e1 ot\u00e1\u010det na m\u00edst\u011b,proto\u017ee je vybaven dut\u00fdm kulat\u00fdm razn\u00edkem. Je tak ide\u00e1ln\u00ed pro vnit\u0159n\u00ed v\u00fdst\u0159ihy a\u00a0v\u00fd\u0159ezy. Perfektn\u00ed ergonomie rukojeti pro pohodlnou pr\u00e1ci.<\/p>\n","protected":false},"excerpt":{"rendered":"<p>TruTool N\u00a0350 je kompaktn\u00ed p\u0159\u00edru\u010dn\u00ed p\u0159\u00edstroj pro plechy o\u00a0tlou\u0161\u0165ce a\u017e 3,5\u00a0mm u\u00a0konstruk\u010dn\u00ed oceli a\u00a02,3\u00a0mm u\u00a0vysoce pevn\u00e9 oceli. p\u0159\u00edstroj se d\u00e1 ot\u00e1\u010det na m\u00edst\u011b,proto\u017ee je vybaven dut\u00fdm kulat\u00fdm razn\u00edkem. Je tak ide\u00e1ln\u00ed pro vnit\u0159n\u00ed v\u00fdst\u0159ihy a\u00a0v\u00fd\u0159ezy. Perfektn\u00ed ergonomie rukojeti pro pohodlnou pr\u00e1ci.<\/p>\n","protected":false},"featured_media":175,"comment_status":"open","ping_status":"closed","template":"","meta":[],"product_brand":[],"product_cat":[23,32],"product_tag":[],"class_list":{"0":"post-146","1":"product","2":"type-product","3":"status-publish","4":"has-post-thumbnail","6":"product_cat-elektricke-naradi","7":"product_cat-prostrihovac","9":"first","10":"instock","11":"shipping-taxable","12":"product-type-simple"},"_links":{"self":[{"href":"https:\/\/www.flaton.cz\/index.php?rest_route=\/wp\/v2\/product\/146","targetHints":{"allow":["GET"]}}],"collection":[{"href":"https:\/\/www.flaton.cz\/index.php?rest_route=\/wp\/v2\/product"}],"about":[{"href":"https:\/\/www.flaton.cz\/index.php?rest_route=\/wp\/v2\/types\/product"}],"replies":[{"embeddable":true,"href":"https:\/\/www.flaton.cz\/index.php?rest_route=%2Fwp%2Fv2%2Fcomments&post=146"}],"wp:featuredmedia":[{"embeddable":true,"href":"https:\/\/www.flaton.cz\/index.php?rest_route=\/wp\/v2\/media\/175"}],"wp:attachment":[{"href":"https:\/\/www.flaton.cz\/index.php?rest_route=%2Fwp%2Fv2%2Fmedia&parent=146"}],"wp:term":[{"taxonomy":"product_brand","embeddable":true,"href":"https:\/\/www.flaton.cz\/index.php?rest_route=%2Fwp%2Fv2%2Fproduct_brand&post=146"},{"taxonomy":"product_cat","embeddable":true,"href":"https:\/\/www.flaton.cz\/index.php?rest_route=%2Fwp%2Fv2%2Fproduct_cat&post=146"},{"taxonomy":"product_tag","embeddable":true,"href":"https:\/\/www.flaton.cz\/index.php?rest_route=%2Fwp%2Fv2%2Fproduct_tag&post=146"}],"curies":[{"name":"wp","href":"https:\/\/api.w.org\/{rel}","templated":true}]}}