{"id":147,"date":"2022-10-31T13:15:03","date_gmt":"2022-10-31T13:15:03","guid":{"rendered":"https:\/\/www.flaton.cz\/?product=trutool-n-200-li-ion"},"modified":"2022-11-01T16:36:51","modified_gmt":"2022-11-01T16:36:51","slug":"trutool-n-200-li-ion","status":"publish","type":"product","link":"https:\/\/www.flaton.cz\/?product=trutool-n-200-li-ion","title":{"rendered":"TruTool N 200 Li-Ion"},"content":{"rendered":"<p style=\"text-align: center;\">S akumul\u00e1torov\u00fdm p\u0159\u00edstrojem m\u016f\u017eete poprv\u00e9 \u0159ezat ploch\u00fd a vlnit\u00fd plech do tlou\u0161\u0165ky plechu 2 mm bezdr\u00e1tov\u011b. Dokonce vnit\u0159n\u00ed v\u00fdst\u0159ihy a\u00a0v\u00fd\u0159ezy lze snadno obr\u00e1b\u011bt, proto\u017ee n\u00e1stroj je mo\u017en\u00e9 na m\u00edst\u011b ot\u00e1\u010det. St\u0159\u00edd\u00e1n\u00ed sm\u011bru \u0159ez\u00e1n\u00ed p\u0159itom prob\u00edh\u00e1 bez pomoci n\u00e1\u0159ad\u00ed. V\u00fdm\u011bnu matrice a\u00a0razn\u00edku provedete rychle a\u00a0bez dodate\u010dn\u00e9ho n\u00e1stroje. TruTool N 200 18V LiHD akumul\u00e1tor m\u016f\u017eete dle pot\u0159eby roz\u0161i\u0159ovat a\u00a0dopl\u0148ovat o\u00a0dal\u0161\u00ed n\u00e1stroje. Tak je umo\u017en\u011bno nap\u0159\u00edklad tak\u00e9 bezprobl\u00e9mov\u00e9 \u0159ez\u00e1n\u00ed trap\u00e9zov\u00fdch plech\u016f. P\u0159itom 4.0 Ah \/ 18V LiHD akumul\u00e1tor zaji\u0161\u0165uje dlouhou dobu chodu.<\/p>\n","protected":false},"excerpt":{"rendered":"<p>S akumul\u00e1torov\u00fdm p\u0159\u00edstrojem m\u016f\u017eete poprv\u00e9 \u0159ezat ploch\u00fd a vlnit\u00fd plech do tlou\u0161\u0165ky plechu 2 mm bezdr\u00e1tov\u011b. Dokonce vnit\u0159n\u00ed v\u00fdst\u0159ihy a\u00a0v\u00fd\u0159ezy lze snadno obr\u00e1b\u011bt, proto\u017ee n\u00e1stroj je mo\u017en\u00e9 na m\u00edst\u011b ot\u00e1\u010det. St\u0159\u00edd\u00e1n\u00ed sm\u011bru \u0159ez\u00e1n\u00ed p\u0159itom prob\u00edh\u00e1 bez pomoci n\u00e1\u0159ad\u00ed. V\u00fdm\u011bnu matrice a\u00a0razn\u00edku provedete rychle a\u00a0bez dodate\u010dn\u00e9ho n\u00e1stroje. TruTool N 200 18V LiHD akumul\u00e1tor m\u016f\u017eete dle pot\u0159eby [&hellip;]<\/p>\n","protected":false},"featured_media":201,"comment_status":"open","ping_status":"closed","template":"","meta":[],"product_brand":[],"product_cat":[23,32],"product_tag":[],"class_list":{"0":"post-147","1":"product","2":"type-product","3":"status-publish","4":"has-post-thumbnail","6":"product_cat-elektricke-naradi","7":"product_cat-prostrihovac","9":"first","10":"instock","11":"shipping-taxable","12":"product-type-simple"},"_links":{"self":[{"href":"https:\/\/www.flaton.cz\/index.php?rest_route=\/wp\/v2\/product\/147","targetHints":{"allow":["GET"]}}],"collection":[{"href":"https:\/\/www.flaton.cz\/index.php?rest_route=\/wp\/v2\/product"}],"about":[{"href":"https:\/\/www.flaton.cz\/index.php?rest_route=\/wp\/v2\/types\/product"}],"replies":[{"embeddable":true,"href":"https:\/\/www.flaton.cz\/index.php?rest_route=%2Fwp%2Fv2%2Fcomments&post=147"}],"wp:featuredmedia":[{"embeddable":true,"href":"https:\/\/www.flaton.cz\/index.php?rest_route=\/wp\/v2\/media\/201"}],"wp:attachment":[{"href":"https:\/\/www.flaton.cz\/index.php?rest_route=%2Fwp%2Fv2%2Fmedia&parent=147"}],"wp:term":[{"taxonomy":"product_brand","embeddable":true,"href":"https:\/\/www.flaton.cz\/index.php?rest_route=%2Fwp%2Fv2%2Fproduct_brand&post=147"},{"taxonomy":"product_cat","embeddable":true,"href":"https:\/\/www.flaton.cz\/index.php?rest_route=%2Fwp%2Fv2%2Fproduct_cat&post=147"},{"taxonomy":"product_tag","embeddable":true,"href":"https:\/\/www.flaton.cz\/index.php?rest_route=%2Fwp%2Fv2%2Fproduct_tag&post=147"}],"curies":[{"name":"wp","href":"https:\/\/api.w.org\/{rel}","templated":true}]}}