{"id":149,"date":"2022-10-31T13:15:03","date_gmt":"2022-10-31T13:15:03","guid":{"rendered":"https:\/\/www.flaton.cz\/?product=trutool-n-160-li-ion"},"modified":"2022-10-31T13:33:56","modified_gmt":"2022-10-31T13:33:56","slug":"trutool-n-160-li-ion","status":"publish","type":"product","link":"https:\/\/www.flaton.cz\/?product=trutool-n-160-li-ion","title":{"rendered":"TruTool N\u00a0160 Li-Ion"},"content":{"rendered":"<p>Kompaktn\u00ed akumul\u00e1torov\u00fd p\u0159\u00edstroj s\u00a012 V se ide\u00e1ln\u011b hod\u00ed k\u00a0odd\u011blov\u00e1n\u00ed rovn\u00fdch a\u00a0vlnit\u00fdch plech\u016f s\u00a0tlou\u0161\u0165kou a\u017e 1,6\u00a0mm. P\u0159itom \u0159e\u017eete bez deformac\u00ed a koroze a 4.0 Ah \/ 12V LiHD akumul\u00e1tor zaji\u0161\u0165uje dlouhou dobu chodu. M\u011bkk\u00e1 rukoje\u0165 Softgrip zaru\u010duje bezpe\u010dn\u00e9 dr\u017een\u00ed a\u00a0redukuje vibrace p\u0159i pr\u00e1ci. Pomoc\u00ed voliteln\u00e9ho prodlou\u017een\u00ed m\u016f\u017eete kdykoli roz\u0161\u00ed\u0159it oblast pou\u017eit\u00ed a\u00a0odd\u011blovat tak i\u00a0hlubok\u00e9 profily. V\u00fdm\u011bna n\u00e1stroje se p\u0159itom prov\u00e1d\u00ed docela snadno pomoc\u00ed oto\u010dn\u00e9ho knofl\u00edku.<\/p>\n","protected":false},"excerpt":{"rendered":"<p>Kompaktn\u00ed akumul\u00e1torov\u00fd p\u0159\u00edstroj s\u00a012 V se ide\u00e1ln\u011b hod\u00ed k\u00a0odd\u011blov\u00e1n\u00ed rovn\u00fdch a\u00a0vlnit\u00fdch plech\u016f s\u00a0tlou\u0161\u0165kou a\u017e 1,6\u00a0mm. P\u0159itom \u0159e\u017eete bez deformac\u00ed a koroze a 4.0 Ah \/ 12V LiHD akumul\u00e1tor zaji\u0161\u0165uje dlouhou dobu chodu. M\u011bkk\u00e1 rukoje\u0165 Softgrip zaru\u010duje bezpe\u010dn\u00e9 dr\u017een\u00ed a\u00a0redukuje vibrace p\u0159i pr\u00e1ci. Pomoc\u00ed voliteln\u00e9ho prodlou\u017een\u00ed m\u016f\u017eete kdykoli roz\u0161\u00ed\u0159it oblast pou\u017eit\u00ed a\u00a0odd\u011blovat tak i\u00a0hlubok\u00e9 profily. V\u00fdm\u011bna [&hellip;]<\/p>\n","protected":false},"featured_media":173,"comment_status":"open","ping_status":"closed","template":"","meta":[],"product_brand":[],"product_cat":[23,32],"product_tag":[],"class_list":{"0":"post-149","1":"product","2":"type-product","3":"status-publish","4":"has-post-thumbnail","6":"product_cat-elektricke-naradi","7":"product_cat-prostrihovac","9":"first","10":"instock","11":"shipping-taxable","12":"product-type-simple"},"_links":{"self":[{"href":"https:\/\/www.flaton.cz\/index.php?rest_route=\/wp\/v2\/product\/149","targetHints":{"allow":["GET"]}}],"collection":[{"href":"https:\/\/www.flaton.cz\/index.php?rest_route=\/wp\/v2\/product"}],"about":[{"href":"https:\/\/www.flaton.cz\/index.php?rest_route=\/wp\/v2\/types\/product"}],"replies":[{"embeddable":true,"href":"https:\/\/www.flaton.cz\/index.php?rest_route=%2Fwp%2Fv2%2Fcomments&post=149"}],"wp:featuredmedia":[{"embeddable":true,"href":"https:\/\/www.flaton.cz\/index.php?rest_route=\/wp\/v2\/media\/173"}],"wp:attachment":[{"href":"https:\/\/www.flaton.cz\/index.php?rest_route=%2Fwp%2Fv2%2Fmedia&parent=149"}],"wp:term":[{"taxonomy":"product_brand","embeddable":true,"href":"https:\/\/www.flaton.cz\/index.php?rest_route=%2Fwp%2Fv2%2Fproduct_brand&post=149"},{"taxonomy":"product_cat","embeddable":true,"href":"https:\/\/www.flaton.cz\/index.php?rest_route=%2Fwp%2Fv2%2Fproduct_cat&post=149"},{"taxonomy":"product_tag","embeddable":true,"href":"https:\/\/www.flaton.cz\/index.php?rest_route=%2Fwp%2Fv2%2Fproduct_tag&post=149"}],"curies":[{"name":"wp","href":"https:\/\/api.w.org\/{rel}","templated":true}]}}