{"id":150,"date":"2022-10-31T13:15:03","date_gmt":"2022-10-31T13:15:03","guid":{"rendered":"https:\/\/www.flaton.cz\/?product=trutool-s-114-li-ion"},"modified":"2022-10-31T13:31:00","modified_gmt":"2022-10-31T13:31:00","slug":"trutool-s-114-li-ion","status":"publish","type":"product","link":"https:\/\/www.flaton.cz\/?product=trutool-s-114-li-ion","title":{"rendered":"TruTool S\u00a0114 Li-Ion"},"content":{"rendered":"<p>Od\u0159\u00edzn\u011bte pomoc\u00ed 12V akumul\u00e1torov\u00e9ho p\u0159\u00edstroje nen\u00e1ro\u010dn\u011b, p\u0159esn\u011b a\u00a0pouze s\u00a0minimem ru\u0161iv\u00fdch 30mm obrys\u016f v\u011btrac\u00ed trubky na st\u011bn\u00e1ch nebo stropech se zal\u00edcov\u00e1n\u00edm. Strojem TruTool S 114 lze snadno ot\u00e1\u010det a poskytuje v\u00e1m vynikaj\u00edc\u00ed kvalitu \u0159ez\u00e1n\u00ed, dokonce i p\u0159i \u0159ez\u00e1n\u00ed spir\u00e1ln\u011b vinut\u00fdch trubek. O dlouhou dobu chodu se star\u00e1 4.0 Ah \/ 12-LiHD akumul\u00e1tor.<\/p>\n","protected":false},"excerpt":{"rendered":"<p>Od\u0159\u00edzn\u011bte pomoc\u00ed 12V akumul\u00e1torov\u00e9ho p\u0159\u00edstroje nen\u00e1ro\u010dn\u011b, p\u0159esn\u011b a\u00a0pouze s\u00a0minimem ru\u0161iv\u00fdch 30mm obrys\u016f v\u011btrac\u00ed trubky na st\u011bn\u00e1ch nebo stropech se zal\u00edcov\u00e1n\u00edm. Strojem TruTool S 114 lze snadno ot\u00e1\u010det a poskytuje v\u00e1m vynikaj\u00edc\u00ed kvalitu \u0159ez\u00e1n\u00ed, dokonce i p\u0159i \u0159ez\u00e1n\u00ed spir\u00e1ln\u011b vinut\u00fdch trubek. O dlouhou dobu chodu se star\u00e1 4.0 Ah \/ 12-LiHD akumul\u00e1tor.<\/p>\n","protected":false},"featured_media":171,"comment_status":"open","ping_status":"closed","template":"","meta":[],"product_brand":[],"product_cat":[23,31],"product_tag":[],"class_list":{"0":"post-150","1":"product","2":"type-product","3":"status-publish","4":"has-post-thumbnail","6":"product_cat-elektricke-naradi","7":"product_cat-nuzky","9":"first","10":"instock","11":"shipping-taxable","12":"product-type-simple"},"_links":{"self":[{"href":"https:\/\/www.flaton.cz\/index.php?rest_route=\/wp\/v2\/product\/150","targetHints":{"allow":["GET"]}}],"collection":[{"href":"https:\/\/www.flaton.cz\/index.php?rest_route=\/wp\/v2\/product"}],"about":[{"href":"https:\/\/www.flaton.cz\/index.php?rest_route=\/wp\/v2\/types\/product"}],"replies":[{"embeddable":true,"href":"https:\/\/www.flaton.cz\/index.php?rest_route=%2Fwp%2Fv2%2Fcomments&post=150"}],"wp:featuredmedia":[{"embeddable":true,"href":"https:\/\/www.flaton.cz\/index.php?rest_route=\/wp\/v2\/media\/171"}],"wp:attachment":[{"href":"https:\/\/www.flaton.cz\/index.php?rest_route=%2Fwp%2Fv2%2Fmedia&parent=150"}],"wp:term":[{"taxonomy":"product_brand","embeddable":true,"href":"https:\/\/www.flaton.cz\/index.php?rest_route=%2Fwp%2Fv2%2Fproduct_brand&post=150"},{"taxonomy":"product_cat","embeddable":true,"href":"https:\/\/www.flaton.cz\/index.php?rest_route=%2Fwp%2Fv2%2Fproduct_cat&post=150"},{"taxonomy":"product_tag","embeddable":true,"href":"https:\/\/www.flaton.cz\/index.php?rest_route=%2Fwp%2Fv2%2Fproduct_tag&post=150"}],"curies":[{"name":"wp","href":"https:\/\/api.w.org\/{rel}","templated":true}]}}