{"id":152,"date":"2022-10-31T13:15:03","date_gmt":"2022-10-31T13:15:03","guid":{"rendered":"https:\/\/www.flaton.cz\/?product=trutool-s-250-li-ion"},"modified":"2022-10-31T13:26:17","modified_gmt":"2022-10-31T13:26:17","slug":"trutool-s-250-li-ion","status":"publish","type":"product","link":"https:\/\/www.flaton.cz\/?product=trutool-s-250-li-ion","title":{"rendered":"TruTool S\u00a0250 Li-Ion"},"content":{"rendered":"<p>TruTool S 250 LiHD akumul\u00e1tor 18 V jsou prvn\u00ed akumul\u00e1torov\u00e9 n\u016f\u017eky, kter\u00e9 odd\u011bluj\u00ed tlou\u0161\u0165ku plechu 2,5 mm z konstruk\u010dn\u00ed oceli a 1,5 mm z nerezov\u00e9 oceli. Robustn\u00ed stroj je va\u0161\u00edm optim\u00e1ln\u00ed pr\u016fvodcem p\u0159i denn\u00edm pou\u017eit\u00ed. P\u0159itom pracujete rychle a p\u0159esn\u011b a m\u00e1te v\u017edy neomezen\u00fd v\u00fdhled na pracovn\u00ed plochu a linii \u0159ezu. Stroj dob\u0159e \u0159e\u017ee i v k\u0159ivk\u00e1ch: s minim\u00e1ln\u00edmi polom\u011bry 20 mm doc\u00edl\u00edte vysoce kvalitn\u00edho k\u0159ivo\u010dar\u00e9ho pohybu. P\u0159itom 4.0 Ah \/ 18V LiHD akumul\u00e1tor zaji\u0161\u0165uje dlouhou dobu chodu.<\/p>\n","protected":false},"excerpt":{"rendered":"<p>TruTool S 250 LiHD akumul\u00e1tor 18 V jsou prvn\u00ed akumul\u00e1torov\u00e9 n\u016f\u017eky, kter\u00e9 odd\u011bluj\u00ed tlou\u0161\u0165ku plechu 2,5 mm z konstruk\u010dn\u00ed oceli a 1,5 mm z nerezov\u00e9 oceli. Robustn\u00ed stroj je va\u0161\u00edm optim\u00e1ln\u00ed pr\u016fvodcem p\u0159i denn\u00edm pou\u017eit\u00ed. P\u0159itom pracujete rychle a p\u0159esn\u011b a m\u00e1te v\u017edy neomezen\u00fd v\u00fdhled na pracovn\u00ed plochu a linii \u0159ezu. Stroj dob\u0159e \u0159e\u017ee i [&hellip;]<\/p>\n","protected":false},"featured_media":167,"comment_status":"open","ping_status":"closed","template":"","meta":[],"product_brand":[],"product_cat":[23,31],"product_tag":[],"class_list":{"0":"post-152","1":"product","2":"type-product","3":"status-publish","4":"has-post-thumbnail","6":"product_cat-elektricke-naradi","7":"product_cat-nuzky","9":"first","10":"instock","11":"shipping-taxable","12":"product-type-simple"},"_links":{"self":[{"href":"https:\/\/www.flaton.cz\/index.php?rest_route=\/wp\/v2\/product\/152","targetHints":{"allow":["GET"]}}],"collection":[{"href":"https:\/\/www.flaton.cz\/index.php?rest_route=\/wp\/v2\/product"}],"about":[{"href":"https:\/\/www.flaton.cz\/index.php?rest_route=\/wp\/v2\/types\/product"}],"replies":[{"embeddable":true,"href":"https:\/\/www.flaton.cz\/index.php?rest_route=%2Fwp%2Fv2%2Fcomments&post=152"}],"wp:featuredmedia":[{"embeddable":true,"href":"https:\/\/www.flaton.cz\/index.php?rest_route=\/wp\/v2\/media\/167"}],"wp:attachment":[{"href":"https:\/\/www.flaton.cz\/index.php?rest_route=%2Fwp%2Fv2%2Fmedia&parent=152"}],"wp:term":[{"taxonomy":"product_brand","embeddable":true,"href":"https:\/\/www.flaton.cz\/index.php?rest_route=%2Fwp%2Fv2%2Fproduct_brand&post=152"},{"taxonomy":"product_cat","embeddable":true,"href":"https:\/\/www.flaton.cz\/index.php?rest_route=%2Fwp%2Fv2%2Fproduct_cat&post=152"},{"taxonomy":"product_tag","embeddable":true,"href":"https:\/\/www.flaton.cz\/index.php?rest_route=%2Fwp%2Fv2%2Fproduct_tag&post=152"}],"curies":[{"name":"wp","href":"https:\/\/api.w.org\/{rel}","templated":true}]}}