{"id":154,"date":"2022-10-31T13:15:04","date_gmt":"2022-10-31T13:15:04","guid":{"rendered":"https:\/\/www.flaton.cz\/?product=trutool-s-160-li-ion"},"modified":"2022-12-29T10:38:23","modified_gmt":"2022-12-29T10:38:23","slug":"trutool-s-160-li-ion","status":"publish","type":"product","link":"https:\/\/www.flaton.cz\/?product=trutool-s-160-li-ion","title":{"rendered":"TruTool S\u00a0160 Li-Ion"},"content":{"rendered":"<p>S 12V akumul\u00e1torov\u00fdm p\u0159\u00edstrojem TruTool S 160 jste optim\u00e1ln\u011b vybaveni pro zpracov\u00e1n\u00ed plech\u016f z\u00a0konstruk\u010dn\u00ed oceli v\u00a0rozsahu do 1,6\u00a0mm. Ru\u0161iv\u00e9 obrysy jsou p\u0159itom zanedbateln\u00e9 a stroj m\u00e1 extr\u00e9mn\u011b k\u0159ivo\u010dar\u00fd pohyb. Akumul\u00e1torov\u00fd p\u0159\u00edstroj v\u00e1m umo\u017e\u0148uje pohodlnou a nen\u00e1ro\u010dnou pr\u00e1ci. 4.0 Ah \/ 12V LiHD akumul\u00e1tor p\u0159itom zaji\u0161\u0165uje dlouhou dobu chodu.<\/p>\n","protected":false},"excerpt":{"rendered":"<p>S 12V akumul\u00e1torov\u00fdm p\u0159\u00edstrojem TruTool S 160 jste optim\u00e1ln\u011b vybaveni pro zpracov\u00e1n\u00ed plech\u016f z\u00a0konstruk\u010dn\u00ed oceli v\u00a0rozsahu do 1,6\u00a0mm. Ru\u0161iv\u00e9 obrysy jsou p\u0159itom zanedbateln\u00e9 a stroj m\u00e1 extr\u00e9mn\u011b k\u0159ivo\u010dar\u00fd pohyb. Akumul\u00e1torov\u00fd p\u0159\u00edstroj v\u00e1m umo\u017e\u0148uje pohodlnou a nen\u00e1ro\u010dnou pr\u00e1ci. 4.0 Ah \/ 12V LiHD akumul\u00e1tor p\u0159itom zaji\u0161\u0165uje dlouhou dobu chodu.<\/p>\n","protected":false},"featured_media":165,"comment_status":"open","ping_status":"closed","template":"","meta":[],"product_brand":[],"product_cat":[30,23],"product_tag":[],"class_list":{"0":"post-154","1":"product","2":"type-product","3":"status-publish","4":"has-post-thumbnail","6":"product_cat-drazkove-nuzky","7":"product_cat-elektricke-naradi","9":"first","10":"instock","11":"shipping-taxable","12":"product-type-simple"},"_links":{"self":[{"href":"https:\/\/www.flaton.cz\/index.php?rest_route=\/wp\/v2\/product\/154","targetHints":{"allow":["GET"]}}],"collection":[{"href":"https:\/\/www.flaton.cz\/index.php?rest_route=\/wp\/v2\/product"}],"about":[{"href":"https:\/\/www.flaton.cz\/index.php?rest_route=\/wp\/v2\/types\/product"}],"replies":[{"embeddable":true,"href":"https:\/\/www.flaton.cz\/index.php?rest_route=%2Fwp%2Fv2%2Fcomments&post=154"}],"wp:featuredmedia":[{"embeddable":true,"href":"https:\/\/www.flaton.cz\/index.php?rest_route=\/wp\/v2\/media\/165"}],"wp:attachment":[{"href":"https:\/\/www.flaton.cz\/index.php?rest_route=%2Fwp%2Fv2%2Fmedia&parent=154"}],"wp:term":[{"taxonomy":"product_brand","embeddable":true,"href":"https:\/\/www.flaton.cz\/index.php?rest_route=%2Fwp%2Fv2%2Fproduct_brand&post=154"},{"taxonomy":"product_cat","embeddable":true,"href":"https:\/\/www.flaton.cz\/index.php?rest_route=%2Fwp%2Fv2%2Fproduct_cat&post=154"},{"taxonomy":"product_tag","embeddable":true,"href":"https:\/\/www.flaton.cz\/index.php?rest_route=%2Fwp%2Fv2%2Fproduct_tag&post=154"}],"curies":[{"name":"wp","href":"https:\/\/api.w.org\/{rel}","templated":true}]}}