{"id":159,"date":"2022-10-31T13:15:04","date_gmt":"2022-10-31T13:15:04","guid":{"rendered":"https:\/\/www.flaton.cz\/?product=trutool-c-160-li-ion"},"modified":"2022-12-29T10:37:33","modified_gmt":"2022-12-29T10:37:33","slug":"trutool-c-160-li-ion","status":"publish","type":"product","link":"https:\/\/www.flaton.cz\/?product=trutool-c-160-li-ion","title":{"rendered":"TruTool C\u00a0160 Li-Ion"},"content":{"rendered":"<p>12V akumul\u00e1torov\u00fd p\u0159\u00edstroj bez odd\u011blova\u010de \u0161pon se hod\u00ed obzvl\u00e1\u0161t\u011b pro \u00fakoly \u0159ez\u00e1n\u00ed bez d\u011blen\u00ed \u0161pon v\u00a0pr\u016fb\u011bhu procesu \u0159ez\u00e1n\u00ed. Tak nap\u0159\u00edklad pro zkracov\u00e1n\u00ed rovn\u00fdch plech\u016f nebo pro st\u0159ih\u00e1n\u00ed k\u0159ivek. S ohledem na p\u0159\u00edslu\u0161n\u00e9 aplikace nab\u00edz\u00edme r\u016fzn\u00e9 no\u017ee. 4.0 Ah \/ 12V LiHD akumul\u00e1tor p\u0159itom zaji\u0161\u0165uje dlouhou dobu chodu.<\/p>\n","protected":false},"excerpt":{"rendered":"<p>12V akumul\u00e1torov\u00fd p\u0159\u00edstroj bez odd\u011blova\u010de \u0161pon se hod\u00ed obzvl\u00e1\u0161t\u011b pro \u00fakoly \u0159ez\u00e1n\u00ed bez d\u011blen\u00ed \u0161pon v\u00a0pr\u016fb\u011bhu procesu \u0159ez\u00e1n\u00ed. Tak nap\u0159\u00edklad pro zkracov\u00e1n\u00ed rovn\u00fdch plech\u016f nebo pro st\u0159ih\u00e1n\u00ed k\u0159ivek. S ohledem na p\u0159\u00edslu\u0161n\u00e9 aplikace nab\u00edz\u00edme r\u016fzn\u00e9 no\u017ee. 4.0 Ah \/ 12V LiHD akumul\u00e1tor p\u0159itom zaji\u0161\u0165uje dlouhou dobu chodu.<\/p>\n","protected":false},"featured_media":160,"comment_status":"open","ping_status":"closed","template":"","meta":[],"product_brand":[],"product_cat":[23,31],"product_tag":[],"class_list":{"0":"post-159","1":"product","2":"type-product","3":"status-publish","4":"has-post-thumbnail","6":"product_cat-elektricke-naradi","7":"product_cat-nuzky","9":"first","10":"instock","11":"shipping-taxable","12":"product-type-simple"},"_links":{"self":[{"href":"https:\/\/www.flaton.cz\/index.php?rest_route=\/wp\/v2\/product\/159","targetHints":{"allow":["GET"]}}],"collection":[{"href":"https:\/\/www.flaton.cz\/index.php?rest_route=\/wp\/v2\/product"}],"about":[{"href":"https:\/\/www.flaton.cz\/index.php?rest_route=\/wp\/v2\/types\/product"}],"replies":[{"embeddable":true,"href":"https:\/\/www.flaton.cz\/index.php?rest_route=%2Fwp%2Fv2%2Fcomments&post=159"}],"wp:featuredmedia":[{"embeddable":true,"href":"https:\/\/www.flaton.cz\/index.php?rest_route=\/wp\/v2\/media\/160"}],"wp:attachment":[{"href":"https:\/\/www.flaton.cz\/index.php?rest_route=%2Fwp%2Fv2%2Fmedia&parent=159"}],"wp:term":[{"taxonomy":"product_brand","embeddable":true,"href":"https:\/\/www.flaton.cz\/index.php?rest_route=%2Fwp%2Fv2%2Fproduct_brand&post=159"},{"taxonomy":"product_cat","embeddable":true,"href":"https:\/\/www.flaton.cz\/index.php?rest_route=%2Fwp%2Fv2%2Fproduct_cat&post=159"},{"taxonomy":"product_tag","embeddable":true,"href":"https:\/\/www.flaton.cz\/index.php?rest_route=%2Fwp%2Fv2%2Fproduct_tag&post=159"}],"curies":[{"name":"wp","href":"https:\/\/api.w.org\/{rel}","templated":true}]}}