{"id":168,"date":"2022-10-31T13:28:50","date_gmt":"2022-10-31T13:28:50","guid":{"rendered":"https:\/\/www.flaton.cz\/?post_type=product&#038;p=168"},"modified":"2022-12-08T13:11:28","modified_gmt":"2022-12-08T13:11:28","slug":"trutool-s-450-2","status":"publish","type":"product","link":"https:\/\/www.flaton.cz\/?product=trutool-s-450-2","title":{"rendered":"TruTool S 450"},"content":{"rendered":"<p>TruTool S 450 je vybaven\u00fd robustn\u00edm \u0159ezn\u00fdm stolem speci\u00e1ln\u011b vyvinut\u00fdm pro tlust\u00fd plech. Odd\u011bl\u00edte t\u00edm tlou\u0161\u0165ky plechu do 4,5 mm p\u0159i vysok\u00e9 kvalit\u011b \u0159ezu. Stroj je obzvl\u00e1\u0161t\u011b vhodn\u00fd p\u0159edev\u0161\u00edm pro obr\u00e1b\u011bn\u00ed u\u0161lechtil\u00e9 oceli do 2,5 mm. Bez vynalo\u017een\u00ed n\u00e1mahy m\u016f\u017eete \u0159ezat polom\u011bry od 35 mm. S pracovn\u00ed rychlost\u00ed 6 metr\u016f za minutu doc\u00edl\u00edte rychl\u00e9ho pracovn\u00edho pokroku. To je obzvl\u00e1\u0161t\u011b v\u00fdhodn\u00e9 p\u0159i obr\u00e1b\u011bn\u00ed velk\u00fdch plech\u016f. No\u017ee nastav\u00edte rychle a jednodu\u0161e pomoc\u00ed oto\u010dn\u00e9ho knofl\u00edku na p\u0159\u00edslu\u0161nou tlou\u0161\u0165ku plechu.<\/p>\n","protected":false},"excerpt":{"rendered":"<p>TruTool S 450 je vybaven\u00fd robustn\u00edm \u0159ezn\u00fdm stolem speci\u00e1ln\u011b vyvinut\u00fdm pro tlust\u00fd plech. Odd\u011bl\u00edte t\u00edm tlou\u0161\u0165ky plechu do 4,5 mm p\u0159i vysok\u00e9 kvalit\u011b \u0159ezu. Stroj je obzvl\u00e1\u0161t\u011b vhodn\u00fd p\u0159edev\u0161\u00edm pro obr\u00e1b\u011bn\u00ed u\u0161lechtil\u00e9 oceli do 2,5 mm. Bez vynalo\u017een\u00ed n\u00e1mahy m\u016f\u017eete \u0159ezat polom\u011bry od 35 mm. S pracovn\u00ed rychlost\u00ed 6 metr\u016f za minutu doc\u00edl\u00edte rychl\u00e9ho pracovn\u00edho [&hellip;]<\/p>\n","protected":false},"featured_media":169,"comment_status":"open","ping_status":"closed","template":"","meta":[],"product_brand":[],"product_cat":[23,31],"product_tag":[],"class_list":{"0":"post-168","1":"product","2":"type-product","3":"status-publish","4":"has-post-thumbnail","6":"product_cat-elektricke-naradi","7":"product_cat-nuzky","9":"first","10":"instock","11":"shipping-taxable","12":"product-type-simple"},"_links":{"self":[{"href":"https:\/\/www.flaton.cz\/index.php?rest_route=\/wp\/v2\/product\/168","targetHints":{"allow":["GET"]}}],"collection":[{"href":"https:\/\/www.flaton.cz\/index.php?rest_route=\/wp\/v2\/product"}],"about":[{"href":"https:\/\/www.flaton.cz\/index.php?rest_route=\/wp\/v2\/types\/product"}],"replies":[{"embeddable":true,"href":"https:\/\/www.flaton.cz\/index.php?rest_route=%2Fwp%2Fv2%2Fcomments&post=168"}],"wp:featuredmedia":[{"embeddable":true,"href":"https:\/\/www.flaton.cz\/index.php?rest_route=\/wp\/v2\/media\/169"}],"wp:attachment":[{"href":"https:\/\/www.flaton.cz\/index.php?rest_route=%2Fwp%2Fv2%2Fmedia&parent=168"}],"wp:term":[{"taxonomy":"product_brand","embeddable":true,"href":"https:\/\/www.flaton.cz\/index.php?rest_route=%2Fwp%2Fv2%2Fproduct_brand&post=168"},{"taxonomy":"product_cat","embeddable":true,"href":"https:\/\/www.flaton.cz\/index.php?rest_route=%2Fwp%2Fv2%2Fproduct_cat&post=168"},{"taxonomy":"product_tag","embeddable":true,"href":"https:\/\/www.flaton.cz\/index.php?rest_route=%2Fwp%2Fv2%2Fproduct_tag&post=168"}],"curies":[{"name":"wp","href":"https:\/\/api.w.org\/{rel}","templated":true}]}}