{"id":500,"date":"2023-04-11T14:04:52","date_gmt":"2023-04-11T12:04:52","guid":{"rendered":"https:\/\/www.flaton.cz\/?post_type=product&#038;p=500"},"modified":"2023-04-11T14:36:01","modified_gmt":"2023-04-11T12:36:01","slug":"terra-320-smc","status":"publish","type":"product","link":"https:\/\/www.flaton.cz\/?product=terra-320-smc","title":{"rendered":"Terra 320 SMC"},"content":{"rendered":"<p><strong>Nap\u00e1jen\u00ed<\/strong><\/p>\n<p>3x400V<\/p>\n<p><strong>Pracovn\u00ed cyklus (40 \u00b0C)<\/strong><\/p>\n<p>45% 320 A<\/p>\n<p>100% 240 A<\/p>\n<p><strong>Hmotnost<\/strong><\/p>\n<p>33,0 Kg<\/p>\n","protected":false},"excerpt":{"rendered":"<p>Nap\u00e1jen\u00ed 3x400V Pracovn\u00ed cyklus (40 \u00b0C) 45% 320 A 100% 240 A Hmotnost 33,0 Kg<\/p>\n","protected":false},"featured_media":501,"comment_status":"open","ping_status":"closed","template":"","meta":[],"product_brand":[],"product_cat":[41],"product_tag":[],"class_list":{"0":"post-500","1":"product","2":"type-product","3":"status-publish","4":"has-post-thumbnail","6":"product_cat-bohler","8":"first","9":"instock","10":"shipping-taxable","11":"product-type-simple"},"_links":{"self":[{"href":"https:\/\/www.flaton.cz\/index.php?rest_route=\/wp\/v2\/product\/500","targetHints":{"allow":["GET"]}}],"collection":[{"href":"https:\/\/www.flaton.cz\/index.php?rest_route=\/wp\/v2\/product"}],"about":[{"href":"https:\/\/www.flaton.cz\/index.php?rest_route=\/wp\/v2\/types\/product"}],"replies":[{"embeddable":true,"href":"https:\/\/www.flaton.cz\/index.php?rest_route=%2Fwp%2Fv2%2Fcomments&post=500"}],"wp:featuredmedia":[{"embeddable":true,"href":"https:\/\/www.flaton.cz\/index.php?rest_route=\/wp\/v2\/media\/501"}],"wp:attachment":[{"href":"https:\/\/www.flaton.cz\/index.php?rest_route=%2Fwp%2Fv2%2Fmedia&parent=500"}],"wp:term":[{"taxonomy":"product_brand","embeddable":true,"href":"https:\/\/www.flaton.cz\/index.php?rest_route=%2Fwp%2Fv2%2Fproduct_brand&post=500"},{"taxonomy":"product_cat","embeddable":true,"href":"https:\/\/www.flaton.cz\/index.php?rest_route=%2Fwp%2Fv2%2Fproduct_cat&post=500"},{"taxonomy":"product_tag","embeddable":true,"href":"https:\/\/www.flaton.cz\/index.php?rest_route=%2Fwp%2Fv2%2Fproduct_tag&post=500"}],"curies":[{"name":"wp","href":"https:\/\/api.w.org\/{rel}","templated":true}]}}