{"id":510,"date":"2023-04-11T14:31:08","date_gmt":"2023-04-11T12:31:08","guid":{"rendered":"https:\/\/www.flaton.cz\/?post_type=product&#038;p=510"},"modified":"2023-04-11T14:31:08","modified_gmt":"2023-04-11T12:31:08","slug":"uranos-1800-tlh","status":"publish","type":"product","link":"https:\/\/www.flaton.cz\/?product=uranos-1800-tlh","title":{"rendered":"Uranos 1800 TLH"},"content":{"rendered":"<p><strong>Nap\u00e1jen\u00ed<\/strong><\/p>\n<p>1x115V &#8211; 1x230V<\/p>\n<p><strong>Pracovn\u00ed cyklus (40 \u00b0C)<\/strong><\/p>\n<p>35% 180 A<\/p>\n<p>100% 140 A<\/p>\n<p><strong>Hmotnost<\/strong><\/p>\n<p>9,4 kg<\/p>\n","protected":false},"excerpt":{"rendered":"<p>Nap\u00e1jen\u00ed 1x115V &#8211; 1x230V Pracovn\u00ed cyklus (40 \u00b0C) 35% 180 A 100% 140 A Hmotnost 9,4 kg<\/p>\n","protected":false},"featured_media":511,"comment_status":"open","ping_status":"closed","template":"","meta":[],"product_brand":[],"product_cat":[41],"product_tag":[],"class_list":{"0":"post-510","1":"product","2":"type-product","3":"status-publish","4":"has-post-thumbnail","6":"product_cat-bohler","8":"first","9":"instock","10":"shipping-taxable","11":"product-type-simple"},"_links":{"self":[{"href":"https:\/\/www.flaton.cz\/index.php?rest_route=\/wp\/v2\/product\/510","targetHints":{"allow":["GET"]}}],"collection":[{"href":"https:\/\/www.flaton.cz\/index.php?rest_route=\/wp\/v2\/product"}],"about":[{"href":"https:\/\/www.flaton.cz\/index.php?rest_route=\/wp\/v2\/types\/product"}],"replies":[{"embeddable":true,"href":"https:\/\/www.flaton.cz\/index.php?rest_route=%2Fwp%2Fv2%2Fcomments&post=510"}],"wp:featuredmedia":[{"embeddable":true,"href":"https:\/\/www.flaton.cz\/index.php?rest_route=\/wp\/v2\/media\/511"}],"wp:attachment":[{"href":"https:\/\/www.flaton.cz\/index.php?rest_route=%2Fwp%2Fv2%2Fmedia&parent=510"}],"wp:term":[{"taxonomy":"product_brand","embeddable":true,"href":"https:\/\/www.flaton.cz\/index.php?rest_route=%2Fwp%2Fv2%2Fproduct_brand&post=510"},{"taxonomy":"product_cat","embeddable":true,"href":"https:\/\/www.flaton.cz\/index.php?rest_route=%2Fwp%2Fv2%2Fproduct_cat&post=510"},{"taxonomy":"product_tag","embeddable":true,"href":"https:\/\/www.flaton.cz\/index.php?rest_route=%2Fwp%2Fv2%2Fproduct_tag&post=510"}],"curies":[{"name":"wp","href":"https:\/\/api.w.org\/{rel}","templated":true}]}}