{"id":514,"date":"2023-04-11T14:34:30","date_gmt":"2023-04-11T12:34:30","guid":{"rendered":"https:\/\/www.flaton.cz\/?post_type=product&#038;p=514"},"modified":"2023-04-11T14:34:37","modified_gmt":"2023-04-11T12:34:37","slug":"uranos-nx-4000-tlh","status":"publish","type":"product","link":"https:\/\/www.flaton.cz\/?product=uranos-nx-4000-tlh","title":{"rendered":"Uranos NX 4000 TLH"},"content":{"rendered":"<p><strong>Nap\u00e1jen\u00ed<\/strong><\/p>\n<p>3x230V &#8211; 3x400V<\/p>\n<p><strong>Pracovn\u00ed cyklus (40 \u00b0C)<\/strong><\/p>\n<p>60% 400 A<\/p>\n<p>100% 360 A<\/p>\n<p><strong>Hmotnost<\/strong><\/p>\n<p>35,4 Kg<\/p>\n","protected":false},"excerpt":{"rendered":"<p>Nap\u00e1jen\u00ed 3x230V &#8211; 3x400V Pracovn\u00ed cyklus (40 \u00b0C) 60% 400 A 100% 360 A Hmotnost 35,4 Kg<\/p>\n","protected":false},"featured_media":515,"comment_status":"open","ping_status":"closed","template":"","meta":[],"product_brand":[],"product_cat":[41],"product_tag":[],"class_list":{"0":"post-514","1":"product","2":"type-product","3":"status-publish","4":"has-post-thumbnail","6":"product_cat-bohler","8":"first","9":"instock","10":"shipping-taxable","11":"product-type-simple"},"_links":{"self":[{"href":"https:\/\/www.flaton.cz\/index.php?rest_route=\/wp\/v2\/product\/514","targetHints":{"allow":["GET"]}}],"collection":[{"href":"https:\/\/www.flaton.cz\/index.php?rest_route=\/wp\/v2\/product"}],"about":[{"href":"https:\/\/www.flaton.cz\/index.php?rest_route=\/wp\/v2\/types\/product"}],"replies":[{"embeddable":true,"href":"https:\/\/www.flaton.cz\/index.php?rest_route=%2Fwp%2Fv2%2Fcomments&post=514"}],"wp:featuredmedia":[{"embeddable":true,"href":"https:\/\/www.flaton.cz\/index.php?rest_route=\/wp\/v2\/media\/515"}],"wp:attachment":[{"href":"https:\/\/www.flaton.cz\/index.php?rest_route=%2Fwp%2Fv2%2Fmedia&parent=514"}],"wp:term":[{"taxonomy":"product_brand","embeddable":true,"href":"https:\/\/www.flaton.cz\/index.php?rest_route=%2Fwp%2Fv2%2Fproduct_brand&post=514"},{"taxonomy":"product_cat","embeddable":true,"href":"https:\/\/www.flaton.cz\/index.php?rest_route=%2Fwp%2Fv2%2Fproduct_cat&post=514"},{"taxonomy":"product_tag","embeddable":true,"href":"https:\/\/www.flaton.cz\/index.php?rest_route=%2Fwp%2Fv2%2Fproduct_tag&post=514"}],"curies":[{"name":"wp","href":"https:\/\/api.w.org\/{rel}","templated":true}]}}